{"id":377,"date":"2025-10-21T16:12:02","date_gmt":"2025-10-21T16:12:02","guid":{"rendered":"https:\/\/conselhodacidade.itajai.sc.gov.br\/?page_id=377"},"modified":"2025-12-02T17:34:14","modified_gmt":"2025-12-02T17:34:14","slug":"em-construcao","status":"publish","type":"page","link":"https:\/\/conselhodacidade.itajai.sc.gov.br\/","title":{"rendered":"Em Constru\u00e7\u00e3o"},"content":{"rendered":"\t\t<div data-elementor-type=\"wp-page\" data-elementor-id=\"377\" class=\"elementor elementor-377\">\n\t\t\t\t<div class=\"elementor-element elementor-element-88d8380 e-flex e-con-boxed wpr-particle-no wpr-jarallax-no wpr-parallax-no wpr-sticky-section-no wpr-equal-height-no e-con e-parent\" data-id=\"88d8380\" data-element_type=\"container\" data-e-type=\"container\" data-settings=\"{&quot;background_background&quot;:&quot;classic&quot;}\">\n\t\t\t\t\t<div class=\"e-con-inner\">\n\t\t\t\t<div class=\"elementor-element elementor-element-a81fa59 elementor-widget elementor-widget-spacer\" data-id=\"a81fa59\" data-element_type=\"widget\" data-e-type=\"widget\" data-widget_type=\"spacer.default\">\n\t\t\t\t<div class=\"elementor-widget-container\">\n\t\t\t\t\t\t\t<div class=\"elementor-spacer\">\n\t\t\t<div class=\"elementor-spacer-inner\"><\/div>\n\t\t<\/div>\n\t\t\t\t\t\t<\/div>\n\t\t\t\t<\/div>\n\t\t<div class=\"elementor-element elementor-element-1a23120 e-con-full e-flex wpr-particle-no wpr-jarallax-no wpr-parallax-no wpr-sticky-section-no wpr-equal-height-no e-con e-child\" data-id=\"1a23120\" data-element_type=\"container\" data-e-type=\"container\">\n\t\t<div class=\"elementor-element elementor-element-8a58d4c e-con-full e-flex wpr-particle-no wpr-jarallax-no wpr-parallax-no wpr-sticky-section-no wpr-equal-height-no e-con e-child\" data-id=\"8a58d4c\" data-element_type=\"container\" data-e-type=\"container\">\n\t\t\t\t<div class=\"elementor-element elementor-element-80160df elementor-widget elementor-widget-image\" data-id=\"80160df\" data-element_type=\"widget\" data-e-type=\"widget\" data-widget_type=\"image.default\">\n\t\t\t\t<div class=\"elementor-widget-container\">\n\t\t\t\t\t\t\t\t\t\t\t\t\t\t\t<img decoding=\"async\" width=\"300\" height=\"108\" src=\"https:\/\/conselhodacidade.itajai.sc.gov.br\/wp-content\/uploads\/2025\/12\/PMI-HORIZ-03-300x108.png\" class=\"attachment-medium size-medium wp-image-483\" alt=\"\" srcset=\"https:\/\/conselhodacidade.itajai.sc.gov.br\/wp-content\/uploads\/2025\/12\/PMI-HORIZ-03-300x108.png 300w, https:\/\/conselhodacidade.itajai.sc.gov.br\/wp-content\/uploads\/2025\/12\/PMI-HORIZ-03-1024x368.png 1024w, https:\/\/conselhodacidade.itajai.sc.gov.br\/wp-content\/uploads\/2025\/12\/PMI-HORIZ-03-768x276.png 768w, https:\/\/conselhodacidade.itajai.sc.gov.br\/wp-content\/uploads\/2025\/12\/PMI-HORIZ-03-1536x551.png 1536w, https:\/\/conselhodacidade.itajai.sc.gov.br\/wp-content\/uploads\/2025\/12\/PMI-HORIZ-03.png 1780w\" sizes=\"(max-width: 300px) 100vw, 300px\" \/>\t\t\t\t\t\t\t\t\t\t\t\t\t\t\t<\/div>\n\t\t\t\t<\/div>\n\t\t\t\t<div class=\"elementor-element elementor-element-06a2e43 elementor-widget__width-initial elementor-widget elementor-widget-heading\" data-id=\"06a2e43\" data-element_type=\"widget\" data-e-type=\"widget\" data-widget_type=\"heading.default\">\n\t\t\t\t<div class=\"elementor-widget-container\">\n\t\t\t\t\t<h2 class=\"elementor-heading-title elementor-size-default\">P\u00e1gina em Constru\u00e7\u00e3o<\/h2>\t\t\t\t<\/div>\n\t\t\t\t<\/div>\n\t\t\t\t<\/div>\n\t\t\t\t<div class=\"elementor-element elementor-element-2ae4861 elementor-widget elementor-widget-text-editor\" data-id=\"2ae4861\" data-element_type=\"widget\" data-e-type=\"widget\" data-widget_type=\"text-editor.default\">\n\t\t\t\t<div class=\"elementor-widget-container\">\n\t\t\t\t\t\t\t\t\t<blockquote data-start=\"619\" data-end=\"997\">\n<p data-start=\"657\" data-end=\"726\">O site do <strong data-start=\"667\" data-end=\"699\">Conselho da Cidade de Itaja\u00ed<\/strong> est\u00e1 em desenvolvimento.<\/p>\n<p data-start=\"733\" data-end=\"841\">Em breve, voc\u00ea encontrar\u00e1 aqui informa\u00e7\u00f5es, publica\u00e7\u00f5es e servi\u00e7os relacionados \u00e0s atividades do Conselho.<\/p>\n<p data-start=\"848\" data-end=\"997\">Enquanto isso, acesse o portal da <strong data-start=\"882\" data-end=\"906\">Prefeitura de Itaja\u00ed<\/strong> para mais informa\u00e7\u00f5es:<\/p>\n<\/blockquote>\t\t\t\t\t\t\t\t<\/div>\n\t\t\t\t<\/div>\n\t\t\t\t<div class=\"elementor-element elementor-element-d0d5406 elementor-align-center elementor-widget elementor-widget-button\" data-id=\"d0d5406\" data-element_type=\"widget\" data-e-type=\"widget\" data-widget_type=\"button.default\">\n\t\t\t\t<div class=\"elementor-widget-container\">\n\t\t\t\t\t\t\t\t\t<div class=\"elementor-button-wrapper\">\n\t\t\t\t\t<a class=\"elementor-button elementor-button-link elementor-size-sm\" href=\"https:\/\/itajai.sc.gov.br\">\n\t\t\t\t\t\t<span class=\"elementor-button-content-wrapper\">\n\t\t\t\t\t\t<span class=\"elementor-button-icon\">\n\t\t\t\t<svg aria-hidden=\"true\" class=\"e-font-icon-svg e-fas-chevron-right\" viewBox=\"0 0 320 512\" xmlns=\"http:\/\/www.w3.org\/2000\/svg\"><path d=\"M285.476 272.971L91.132 467.314c-9.373 9.373-24.569 9.373-33.941 0l-22.667-22.667c-9.357-9.357-9.375-24.522-.04-33.901L188.505 256 34.484 101.255c-9.335-9.379-9.317-24.544.04-33.901l22.667-22.667c9.373-9.373 24.569-9.373 33.941 0L285.475 239.03c9.373 9.372 9.373 24.568.001 33.941z\"><\/path><\/svg>\t\t\t<\/span>\n\t\t\t\t\t\t\t\t\t<span class=\"elementor-button-text\">Portal do Munic\u00edpio<\/span>\n\t\t\t\t\t<\/span>\n\t\t\t\t\t<\/a>\n\t\t\t\t<\/div>\n\t\t\t\t\t\t\t\t<\/div>\n\t\t\t\t<\/div>\n\t\t\t\t<\/div>\n\t\t\t\t\t<\/div>\n\t\t\t\t<\/div>\n\t\t\t\t<\/div>\n\t\t","protected":false},"excerpt":{"rendered":"<p>P\u00e1gina em Constru\u00e7\u00e3o O site do Conselho da Cidade de Itaja\u00ed est\u00e1 em desenvolvimento. Em breve, voc\u00ea encontrar\u00e1 aqui informa\u00e7\u00f5es, publica\u00e7\u00f5es e servi\u00e7os relacionados \u00e0s atividades do Conselho. Enquanto isso, acesse o portal da Prefeitura de Itaja\u00ed para mais informa\u00e7\u00f5es: Portal do Munic\u00edpio<\/p>\n","protected":false},"author":1,"featured_media":0,"parent":0,"menu_order":0,"comment_status":"closed","ping_status":"closed","template":"","meta":{"footnotes":""},"class_list":["post-377","page","type-page","status-publish","hentry"],"_links":{"self":[{"href":"https:\/\/conselhodacidade.itajai.sc.gov.br\/index.php?rest_route=\/wp\/v2\/pages\/377","targetHints":{"allow":["GET"]}}],"collection":[{"href":"https:\/\/conselhodacidade.itajai.sc.gov.br\/index.php?rest_route=\/wp\/v2\/pages"}],"about":[{"href":"https:\/\/conselhodacidade.itajai.sc.gov.br\/index.php?rest_route=\/wp\/v2\/types\/page"}],"author":[{"embeddable":true,"href":"https:\/\/conselhodacidade.itajai.sc.gov.br\/index.php?rest_route=\/wp\/v2\/users\/1"}],"replies":[{"embeddable":true,"href":"https:\/\/conselhodacidade.itajai.sc.gov.br\/index.php?rest_route=%2Fwp%2Fv2%2Fcomments&post=377"}],"version-history":[{"count":85,"href":"https:\/\/conselhodacidade.itajai.sc.gov.br\/index.php?rest_route=\/wp\/v2\/pages\/377\/revisions"}],"predecessor-version":[{"id":486,"href":"https:\/\/conselhodacidade.itajai.sc.gov.br\/index.php?rest_route=\/wp\/v2\/pages\/377\/revisions\/486"}],"wp:attachment":[{"href":"https:\/\/conselhodacidade.itajai.sc.gov.br\/index.php?rest_route=%2Fwp%2Fv2%2Fmedia&parent=377"}],"curies":[{"name":"wp","href":"https:\/\/api.w.org\/{rel}","templated":true}]}}